{"id":24,"date":"2025-01-23T11:38:27","date_gmt":"2025-01-23T09:38:27","guid":{"rendered":"https:\/\/fox-core.com\/?page_id=24"},"modified":"2025-03-06T11:48:01","modified_gmt":"2025-03-06T09:48:01","slug":"kontakt","status":"publish","type":"page","link":"https:\/\/fox-core.com\/en\/kontakt\/","title":{"rendered":"Contact"},"content":{"rendered":"<section class=\"l-section wpb_row height_medium with_img\"><div class=\"l-section-img\" role=\"img\" data-img-width=\"1200\" data-img-height=\"800\" style=\"background-image: url(https:\/\/fox-core.com\/wp-content\/uploads\/2025\/02\/20231218-DSC09898.webp);\"><\/div><div class=\"l-section-overlay\" style=\"background:rgba(255,255,255,0.85)\"><\/div><div class=\"l-section-h i-cf\"><div class=\"g-cols vc_row via_grid cols_1 laptops-cols_inherit tablets-cols_inherit mobiles-cols_1 valign_top type_default stacking_default\"><div class=\"wpb_column vc_column_container\"><div class=\"vc_column-inner\"><div class=\"w-text us_custom_955e322a has_text_color\"><span class=\"w-text-h\"><span class=\"w-text-value\">Your message to Fox Core<\/span><\/span><\/div><div class=\"wpb_text_column\"><div class=\"wpb_wrapper\"><h1 style=\"text-align: center;\"><span style=\"color: var(--color-content-primary);\">\/<\/span> Contact<\/h1>\n<\/div><\/div><\/div><\/div><\/div><\/div><\/section><section class=\"l-section wpb_row height_medium\"><div class=\"l-section-h i-cf\"><div class=\"g-cols vc_row via_grid cols_3-2 laptops-cols_inherit tablets-cols_inherit mobiles-cols_1 valign_top type_default stacking_default\" style=\"--columns-gap:5rem;--laptops-columns-gap:5rem;--tablets-columns-gap:3rem;--mobiles-columns-gap:2rem;\"><div class=\"wpb_column vc_column_container\"><div class=\"vc_column-inner\"><div class=\"wpb_text_column\"><div class=\"wpb_wrapper\"><p><strong>We look forward to hearing from you!<\/strong><br \/>\nUse our contact form to send us your general inquiries, request documents or send us a speculative application. Our team at Fox Core will take care of your request as quickly as possible.<\/p>\n<\/div><\/div><div class=\"w-separator size_small\"><\/div><div class=\"wpb_text_column\"><div class=\"wpb_wrapper\">\n<div class=\"wpcf7 no-js\" id=\"wpcf7-f158-o1\" lang=\"de-DE\" dir=\"ltr\" data-wpcf7-id=\"158\">\n<div class=\"screen-reader-response\"><p role=\"status\" aria-live=\"polite\" aria-atomic=\"true\"><\/p> <ul><\/ul><\/div>\n<form action=\"\/en\/wp-json\/wp\/v2\/pages\/24#wpcf7-f158-o1\" method=\"post\" class=\"wpcf7-form init\" aria-label=\"Kontaktformular\" enctype=\"multipart\/form-data\" novalidate=\"novalidate\" data-status=\"init\" data-trp-original-action=\"\/en\/wp-json\/wp\/v2\/pages\/24#wpcf7-f158-o1\">\n<fieldset class=\"hidden-fields-container\"><input type=\"hidden\" name=\"_wpcf7\" value=\"158\" \/><input type=\"hidden\" name=\"_wpcf7_version\" value=\"6.1.4\" \/><input type=\"hidden\" name=\"_wpcf7_locale\" value=\"de_DE_formal\" \/><input type=\"hidden\" name=\"_wpcf7_unit_tag\" value=\"wpcf7-f158-o1\" \/><input type=\"hidden\" name=\"_wpcf7_container_post\" value=\"0\" \/><input type=\"hidden\" name=\"_wpcf7_posted_data_hash\" value=\"\" \/>\n<\/fieldset>\n<p><span class=\"wpcf7-form-control-wrap\" data-name=\"ihr-name\"><input size=\"40\" maxlength=\"400\" class=\"wpcf7-form-control wpcf7-text wpcf7-validates-as-required\" autocomplete=\"name\" aria-required=\"true\" aria-invalid=\"false\" placeholder=\"Name\" value=\"\" type=\"text\" name=\"ihr-name\" \/><\/span>\n<\/p>\n<p><span class=\"wpcf7-form-control-wrap\" data-name=\"ihre-email\"><input size=\"40\" maxlength=\"400\" class=\"wpcf7-form-control wpcf7-email wpcf7-validates-as-required wpcf7-text wpcf7-validates-as-email\" autocomplete=\"email\" aria-required=\"true\" aria-invalid=\"false\" placeholder=\"E-mail address\" value=\"\" type=\"email\" name=\"ihre-email\" \/><\/span>\n<\/p>\n<p><span class=\"wpcf7-form-control-wrap\" data-name=\"ihre-tel\"><input size=\"40\" maxlength=\"400\" class=\"wpcf7-form-control wpcf7-tel wpcf7-text wpcf7-validates-as-tel\" autocomplete=\"tel\" aria-invalid=\"false\" placeholder=\"Phone number\" value=\"\" type=\"tel\" name=\"ihre-tel\" \/><\/span>\n<\/p>\n<p><span class=\"wpcf7-form-control-wrap\" data-name=\"ihr-betreff\"><input size=\"40\" maxlength=\"400\" class=\"wpcf7-form-control wpcf7-text\" aria-invalid=\"false\" placeholder=\"Subject\" value=\"\" type=\"text\" name=\"ihr-betreff\" \/><\/span>\n<\/p>\n<p><span class=\"wpcf7-form-control-wrap\" data-name=\"ihre-nachricht\"><textarea cols=\"40\" rows=\"10\" maxlength=\"2000\" class=\"wpcf7-form-control wpcf7-textarea\" aria-invalid=\"false\" placeholder=\"Message\" name=\"ihre-nachricht\"><\/textarea><\/span>\n<\/p>\n<p><label>You can upload files here:<\/label><br \/>\n<span class=\"wpcf7-form-control-wrap\" data-name=\"dateiupload\"><input size=\"40\" class=\"wpcf7-form-control wpcf7-file\" accept=\"audio\/*,video\/*,image\/*\" aria-invalid=\"false\" type=\"file\" name=\"dateiupload\" \/><\/span>\n<\/p>\n<p><span class=\"wpcf7-form-control-wrap\" data-name=\"zustimmung\"><span class=\"wpcf7-form-control wpcf7-acceptance\"><span class=\"wpcf7-list-item\"><label><input type=\"checkbox\" name=\"zustimmung\" value=\"1\" aria-invalid=\"false\" \/><span class=\"wpcf7-list-item-label\">I agree that my details and data will be processed to answer my request in accordance with the privacy policy. I can revoke my consent at any time in the future by sending an email to info@fox-core.de.<\/span><\/label><\/span><\/span><\/span>\n<\/p>\n<p><input class=\"wpcf7-form-control wpcf7-submit has-spinner\" type=\"submit\" value=\"Send\" \/>\n<\/p><div class=\"wpcf7-response-output\" aria-hidden=\"true\"><\/div>\n<input type=\"hidden\" name=\"trp-form-language\" value=\"en\"\/><\/form>\n<\/div>\n\n<\/div><\/div><\/div><\/div><div class=\"wpb_column vc_column_container type_sticky\"><div class=\"vc_column-inner\"><section class=\"l-section wpb_row height_auto width_full\"><div class=\"l-section-h i-cf\"><div class=\"g-cols vc_row via_grid cols_1 laptops-cols_inherit tablets-cols_inherit mobiles-cols_1 valign_top type_default stacking_default\" style=\"--columns-gap:5rem;\"><div class=\"wpb_column vc_column_container type_sticky\"><div class=\"vc_column-inner\"><div class=\"w-vwrapper us_custom_8c8733f7 has_text_color align_none valign_top\" style=\"--vwrapper-gap:1.3rem\"><div class=\"w-hwrapper valign_middle align_none\"><div class=\"w-image us_custom_acd63e31 align_none\"><div class=\"w-image-h\"><img decoding=\"async\" width=\"150\" height=\"150\" src=\"https:\/\/fox-core.com\/wp-content\/uploads\/2025\/01\/logo_fox_core.webp\" class=\"attachment-full size-full\" alt=\"\" loading=\"lazy\" \/><\/div><\/div><h3 class=\"w-text\"><span class=\"w-text-h\"><span class=\"w-text-value\">Fox Core<\/span><\/span><\/h3><\/div><div class=\"w-iconbox us_custom_b4198c51 iconpos_left style_default color_contrast align_left no_title\"><div class=\"w-iconbox-icon\" style=\"font-size:1.5rem;\"><i class=\"fal fa-map-marker-alt\"><\/i><\/div><div class=\"w-iconbox-meta\"><div class=\"w-iconbox-text\"><p>Tharandter Stra\u00dfe 31\u00a0<\/p>\n<p>01159 Dresden<\/p>\n<p>Germany<\/p>\n<\/div><\/div><\/div><div class=\"w-iconbox iconpos_left style_default color_custom align_left no_text\"><a href=\"tel:+49 351 26554343\" class=\"w-iconbox-link\" aria-label=\"+49 351 26554343\"><div class=\"w-iconbox-icon\" style=\"font-size:1.5rem;--icon-color:#ffffff;\"><i class=\"fal fa-phone\"><\/i><\/div><\/a><div class=\"w-iconbox-meta\"><div class=\"w-iconbox-title\" style=\"font-size:1.2rem;\"><a href=\"tel:+49 351 26554343\" class=\"w-iconbox-link\" aria-label=\"+49 351 26554343\">+49 351 26554343<\/a><\/div><\/div><\/div><div class=\"w-iconbox iconpos_left style_default color_custom align_left no_text\"><a href=\"mailto:info@fox-core.de\" class=\"w-iconbox-link\" aria-label=\"info@fox-core.de\"><div class=\"w-iconbox-icon\" style=\"font-size:1.5rem;--icon-color:#ffffff;\"><i class=\"fal fa-envelope\"><\/i><\/div><\/a><div class=\"w-iconbox-meta\"><div class=\"w-iconbox-title\" style=\"font-size:1.2rem;\"><a href=\"mailto:info@fox-core.de\" class=\"w-iconbox-link\" aria-label=\"info@fox-core.de\">info@fox-core.de<\/a><\/div><\/div><\/div><\/div><\/div><\/div><\/div><\/div><\/section>\n<\/div><\/div><\/div><\/div><\/section>","protected":false},"excerpt":{"rendered":"Ihre Nachricht an Fox Core\/ Kontakt Wir freuen uns, von Ihnen zu h\u00f6ren! Nutzen Sie unser Kontaktformular, um uns Ihre allgemeinen Anfragen zu senden, Dokumente anzufordern oder sich initiativ bei uns zu bewerben. Unser Team bei Fox Core wird sich schnellstm\u00f6glich um Ihr Anliegen k\u00fcmmern. Hier k\u00f6nnen Sie Dateien hochladen: Ich stimme zu, dass meine...","protected":false},"author":1,"featured_media":100,"parent":0,"menu_order":0,"comment_status":"closed","ping_status":"closed","template":"","meta":{"_acf_changed":false,"inline_featured_image":false,"footnotes":""},"class_list":["post-24","page","type-page","status-publish","has-post-thumbnail","hentry"],"acf":[],"yoast_head":"<!-- This site is optimized with the Yoast SEO plugin v26.7 - https:\/\/yoast.com\/wordpress\/plugins\/seo\/ -->\n<title>Kontakt &#8211; Fox Core<\/title>\n<meta name=\"robots\" content=\"index, follow, max-snippet:-1, max-image-preview:large, max-video-preview:-1\" \/>\n<link rel=\"canonical\" href=\"https:\/\/fox-core.com\/en\/kontakt\/\" \/>\n<meta property=\"og:locale\" content=\"en_GB\" \/>\n<meta property=\"og:type\" content=\"article\" \/>\n<meta property=\"og:title\" content=\"Kontakt &#8211; Fox Core\" \/>\n<meta property=\"og:url\" content=\"https:\/\/fox-core.com\/en\/kontakt\/\" \/>\n<meta property=\"og:site_name\" content=\"Fox Core\" \/>\n<meta property=\"article:modified_time\" content=\"2025-03-06T09:48:01+00:00\" \/>\n<meta property=\"og:image\" content=\"https:\/\/fox-core.com\/wp-content\/uploads\/2025\/02\/20231218-DSC09898.webp\" \/>\n\t<meta property=\"og:image:width\" content=\"1200\" \/>\n\t<meta property=\"og:image:height\" content=\"800\" \/>\n\t<meta property=\"og:image:type\" content=\"image\/webp\" \/>\n<meta name=\"twitter:card\" content=\"summary_large_image\" \/>\n<meta name=\"twitter:label1\" content=\"Estimated reading time\" \/>\n\t<meta name=\"twitter:data1\" content=\"1 minute\" \/>\n<script type=\"application\/ld+json\" class=\"yoast-schema-graph\">{\"@context\":\"https:\/\/schema.org\",\"@graph\":[{\"@type\":\"WebPage\",\"@id\":\"https:\/\/fox-core.com\/kontakt\/\",\"url\":\"https:\/\/fox-core.com\/kontakt\/\",\"name\":\"Kontakt &#8211; Fox Core\",\"isPartOf\":{\"@id\":\"https:\/\/fox-core.com\/#website\"},\"primaryImageOfPage\":{\"@id\":\"https:\/\/fox-core.com\/kontakt\/#primaryimage\"},\"image\":{\"@id\":\"https:\/\/fox-core.com\/kontakt\/#primaryimage\"},\"thumbnailUrl\":\"https:\/\/fox-core.com\/wp-content\/uploads\/2025\/02\/20231218-DSC09898.webp\",\"datePublished\":\"2025-01-23T09:38:27+00:00\",\"dateModified\":\"2025-03-06T09:48:01+00:00\",\"breadcrumb\":{\"@id\":\"https:\/\/fox-core.com\/kontakt\/#breadcrumb\"},\"inLanguage\":\"en-GB\",\"potentialAction\":[{\"@type\":\"ReadAction\",\"target\":[\"https:\/\/fox-core.com\/kontakt\/\"]}]},{\"@type\":\"ImageObject\",\"inLanguage\":\"en-GB\",\"@id\":\"https:\/\/fox-core.com\/kontakt\/#primaryimage\",\"url\":\"https:\/\/fox-core.com\/wp-content\/uploads\/2025\/02\/20231218-DSC09898.webp\",\"contentUrl\":\"https:\/\/fox-core.com\/wp-content\/uploads\/2025\/02\/20231218-DSC09898.webp\",\"width\":1200,\"height\":800},{\"@type\":\"BreadcrumbList\",\"@id\":\"https:\/\/fox-core.com\/kontakt\/#breadcrumb\",\"itemListElement\":[{\"@type\":\"ListItem\",\"position\":1,\"name\":\"Home\",\"item\":\"https:\/\/fox-core.com\/\"},{\"@type\":\"ListItem\",\"position\":2,\"name\":\"Kontakt\"}]},{\"@type\":\"WebSite\",\"@id\":\"https:\/\/fox-core.com\/#website\",\"url\":\"https:\/\/fox-core.com\/\",\"name\":\"Fox Core\",\"description\":\"\",\"potentialAction\":[{\"@type\":\"SearchAction\",\"target\":{\"@type\":\"EntryPoint\",\"urlTemplate\":\"https:\/\/fox-core.com\/?s={search_term_string}\"},\"query-input\":{\"@type\":\"PropertyValueSpecification\",\"valueRequired\":true,\"valueName\":\"search_term_string\"}}],\"inLanguage\":\"en-GB\"}]}<\/script>\n<!-- \/ Yoast SEO plugin. -->","yoast_head_json":{"title":"Kontakt &#8211; Fox Core","robots":{"index":"index","follow":"follow","max-snippet":"max-snippet:-1","max-image-preview":"max-image-preview:large","max-video-preview":"max-video-preview:-1"},"canonical":"https:\/\/fox-core.com\/en\/kontakt\/","og_locale":"en_GB","og_type":"article","og_title":"Kontakt &#8211; Fox Core","og_url":"https:\/\/fox-core.com\/en\/kontakt\/","og_site_name":"Fox Core","article_modified_time":"2025-03-06T09:48:01+00:00","og_image":[{"width":1200,"height":800,"url":"https:\/\/fox-core.com\/wp-content\/uploads\/2025\/02\/20231218-DSC09898.webp","type":"image\/webp"}],"twitter_card":"summary_large_image","twitter_misc":{"Estimated reading time":"1 minute"},"schema":{"@context":"https:\/\/schema.org","@graph":[{"@type":"WebPage","@id":"https:\/\/fox-core.com\/kontakt\/","url":"https:\/\/fox-core.com\/kontakt\/","name":"Kontakt &#8211; Fox Core","isPartOf":{"@id":"https:\/\/fox-core.com\/#website"},"primaryImageOfPage":{"@id":"https:\/\/fox-core.com\/kontakt\/#primaryimage"},"image":{"@id":"https:\/\/fox-core.com\/kontakt\/#primaryimage"},"thumbnailUrl":"https:\/\/fox-core.com\/wp-content\/uploads\/2025\/02\/20231218-DSC09898.webp","datePublished":"2025-01-23T09:38:27+00:00","dateModified":"2025-03-06T09:48:01+00:00","breadcrumb":{"@id":"https:\/\/fox-core.com\/kontakt\/#breadcrumb"},"inLanguage":"en-GB","potentialAction":[{"@type":"ReadAction","target":["https:\/\/fox-core.com\/kontakt\/"]}]},{"@type":"ImageObject","inLanguage":"en-GB","@id":"https:\/\/fox-core.com\/kontakt\/#primaryimage","url":"https:\/\/fox-core.com\/wp-content\/uploads\/2025\/02\/20231218-DSC09898.webp","contentUrl":"https:\/\/fox-core.com\/wp-content\/uploads\/2025\/02\/20231218-DSC09898.webp","width":1200,"height":800},{"@type":"BreadcrumbList","@id":"https:\/\/fox-core.com\/kontakt\/#breadcrumb","itemListElement":[{"@type":"ListItem","position":1,"name":"Home","item":"https:\/\/fox-core.com\/"},{"@type":"ListItem","position":2,"name":"Kontakt"}]},{"@type":"WebSite","@id":"https:\/\/fox-core.com\/#website","url":"https:\/\/fox-core.com\/","name":"Fox Core","description":"","potentialAction":[{"@type":"SearchAction","target":{"@type":"EntryPoint","urlTemplate":"https:\/\/fox-core.com\/?s={search_term_string}"},"query-input":{"@type":"PropertyValueSpecification","valueRequired":true,"valueName":"search_term_string"}}],"inLanguage":"en-GB"}]}},"_links":{"self":[{"href":"https:\/\/fox-core.com\/en\/wp-json\/wp\/v2\/pages\/24","targetHints":{"allow":["GET"]}}],"collection":[{"href":"https:\/\/fox-core.com\/en\/wp-json\/wp\/v2\/pages"}],"about":[{"href":"https:\/\/fox-core.com\/en\/wp-json\/wp\/v2\/types\/page"}],"author":[{"embeddable":true,"href":"https:\/\/fox-core.com\/en\/wp-json\/wp\/v2\/users\/1"}],"replies":[{"embeddable":true,"href":"https:\/\/fox-core.com\/en\/wp-json\/wp\/v2\/comments?post=24"}],"version-history":[{"count":13,"href":"https:\/\/fox-core.com\/en\/wp-json\/wp\/v2\/pages\/24\/revisions"}],"predecessor-version":[{"id":399,"href":"https:\/\/fox-core.com\/en\/wp-json\/wp\/v2\/pages\/24\/revisions\/399"}],"wp:featuredmedia":[{"embeddable":true,"href":"https:\/\/fox-core.com\/en\/wp-json\/wp\/v2\/media\/100"}],"wp:attachment":[{"href":"https:\/\/fox-core.com\/en\/wp-json\/wp\/v2\/media?parent=24"}],"curies":[{"name":"wp","href":"https:\/\/api.w.org\/{rel}","templated":true}]}}