{"id":22,"date":"2025-01-23T11:38:18","date_gmt":"2025-01-23T09:38:18","guid":{"rendered":"https:\/\/fox-core.com\/?page_id=22"},"modified":"2026-02-13T13:19:39","modified_gmt":"2026-02-13T11:19:39","slug":"karriere","status":"publish","type":"page","link":"https:\/\/fox-core.com\/en\/karriere\/","title":{"rendered":"Career"},"content":{"rendered":"<section class=\"l-section wpb_row height_medium with_img\"><div class=\"l-section-img\" role=\"img\" data-img-width=\"1200\" data-img-height=\"800\" style=\"background-image: url(https:\/\/fox-core.com\/wp-content\/uploads\/2025\/02\/20231218-DSC09969.webp);\"><\/div><div class=\"l-section-overlay\" style=\"background:rgba(255,255,255,0.85)\"><\/div><div class=\"l-section-h i-cf\"><div class=\"g-cols vc_row via_grid cols_1 laptops-cols_inherit tablets-cols_inherit mobiles-cols_1 valign_top type_default stacking_default\"><div class=\"wpb_column vc_column_container\"><div class=\"vc_column-inner\"><div class=\"w-text us_custom_955e322a has_text_color\"><span class=\"w-text-h\"><span class=\"w-text-value\">Your opportunities in our company<\/span><\/span><\/div><div class=\"wpb_text_column\"><div class=\"wpb_wrapper\"><h1 style=\"text-align: center;\"><span style=\"color: var(--color-content-primary);\">\/<\/span> Career<\/h1>\n<\/div><\/div><\/div><\/div><\/div><\/div><\/section><section class=\"l-section wpb_row height_medium\"><div class=\"l-section-h i-cf\"><div class=\"g-cols vc_row via_grid cols_2 laptops-cols_inherit tablets-cols_inherit mobiles-cols_1 valign_top type_default stacking_default\"><div class=\"wpb_column vc_column_container\"><div class=\"vc_column-inner\"><div class=\"w-separator size_large\"><\/div><div class=\"w-text us_custom_69cbc571 has_text_color\"><span class=\"w-text-h\"><span class=\"w-text-value\">Apply with us<\/span><\/span><\/div><div class=\"wpb_text_column\"><div class=\"wpb_wrapper\"><h2>Become a Part of Fox Core<\/h2>\n<\/div><\/div><div class=\"w-separator size_small\"><\/div><div class=\"wpb_text_column\"><div class=\"wpb_wrapper\"><p>If you would like to spread the idea of bionic lightweight construction with us and develop customized solutions for a resource-efficient world, then apply to us. We are always interested in creative minds and lightweight construction experts to expand our team.<\/p>\n<p>You can find our current vacancies here. Or send us your unsolicited application.<\/p>\n<\/div><\/div><div class=\"w-separator size_small\"><\/div><div class=\"w-btn-wrapper align_none\"><a class=\"w-btn us-btn-style_1 icon_atleft\" href=\"\/en\/kontakt\/?ihr-betreff=Initiativbewerbung\"><i class=\"fal fa-file-signature\"><\/i><span class=\"w-btn-label\">Apply online<\/span><\/a><\/div><div class=\"w-separator size_large\"><\/div><\/div><\/div><div class=\"wpb_column vc_column_container us_custom_c42d855b has_bg_color\"><div class=\"vc_column-inner\"><\/div><\/div><\/div><\/div><\/section><section class=\"l-section wpb_row height_medium\"><div class=\"l-section-h i-cf\"><div class=\"g-cols vc_row via_grid cols_1 laptops-cols_inherit tablets-cols_inherit mobiles-cols_1 valign_top type_default stacking_default\"><div class=\"wpb_column vc_column_container\"><div class=\"vc_column-inner\"><div class=\"w-text us_custom_69cbc571 has_text_color\"><span class=\"w-text-h\"><span class=\"w-text-value\">Our Jobs<\/span><\/span><\/div><div class=\"wpb_text_column\"><div class=\"wpb_wrapper\"><h2>Current Vacancies<\/h2>\n<\/div><\/div><div class=\"w-separator size_medium\"><\/div><div class=\"w-grid type_carousel layout_200 hidden items_3\" id=\"us_grid_1\" style=\"--items:3;--gap:1rem;\"><style>.layout_200 .w-grid-item-h{}.layout_200 .usg_vwrapper_1{transition-duration:0.3s;transform-origin:50% 50%;transform:scale(1) translate(0%,0%)}.layout_200 .w-grid-item-h:hover .usg_vwrapper_1{transform:scale(1) translate(0%,0%);opacity:1;border-color:transparent!important}.layout_200 .usg_vwrapper_1{padding:10%!important;background:var(--color-content-bg-alt)!important}.layout_200 .usg_post_custom_field_1{color:var(--color-content-primary)!important;font-size:14px!important;font-weight:700!important;text-transform:uppercase!important}.layout_200 .usg_btn_1{text-align:left!important}<\/style><div class=\"w-grid-list owl-carousel valign_stretch dotstyle_circle navstyle_circle navpos_outside owl-responsive-2000\" style=\"--transition-duration:350ms;\"><\/div>\t<div class=\"g-preloader type_1\">\r\n\t\t<div><\/div>\r\n\t<\/div>\r\n\t\t<div class=\"w-grid-json hidden\" onclick='return {&quot;action&quot;:&quot;us_ajax_grid&quot;,&quot;infinite_scroll&quot;:0,&quot;max_num_pages&quot;:0,&quot;pagination&quot;:&quot;none&quot;,&quot;template_vars&quot;:{&quot;columns&quot;:&quot;&quot;,&quot;exclude_items&quot;:&quot;none&quot;,&quot;img_size&quot;:&quot;default&quot;,&quot;ignore_items_size&quot;:0,&quot;items_layout&quot;:&quot;200&quot;,&quot;items_offset&quot;:&quot;0px&quot;,&quot;load_animation&quot;:&quot;none&quot;,&quot;overriding_link&quot;:&quot;%7B%22url%22%3A%22%22%7D&quot;,&quot;post_id&quot;:0,&quot;query_args&quot;:{&quot;post_type&quot;:[&quot;stellenangebot&quot;],&quot;post_status&quot;:[&quot;publish&quot;,&quot;acf-disabled&quot;],&quot;posts_per_page&quot;:&quot;10&quot;},&quot;orderby_query_args&quot;:{&quot;orderby&quot;:{&quot;date&quot;:&quot;DESC&quot;}},&quot;type&quot;:&quot;carousel&quot;,&quot;us_grid_post_type&quot;:&quot;stellenangebot&quot;,&quot;us_grid_ajax_index&quot;:1,&quot;us_grid_filter_query_string&quot;:null,&quot;us_grid_index&quot;:1,&quot;page_args&quot;:[]},&quot;carousel_settings&quot;:{&quot;aria_labels&quot;:{&quot;prev&quot;:&quot;Previous&quot;,&quot;next&quot;:&quot;Next&quot;},&quot;autoplayContinual&quot;:false,&quot;autoplayHoverPause&quot;:false,&quot;autoplayTimeout&quot;:3000,&quot;autoWidth&quot;:false,&quot;smartSpeed&quot;:350,&quot;margin&quot;:0,&quot;mouseDrag&quot;:true,&quot;rtl&quot;:false,&quot;slideBy&quot;:&quot;1&quot;,&quot;touchDrag&quot;:true,&quot;slideTransition&quot;:&quot;&quot;,&quot;responsive&quot;:{&quot;0&quot;:{&quot;autoHeight&quot;:false,&quot;autoplay&quot;:false,&quot;autoWidth&quot;:false,&quot;center&quot;:false,&quot;dots&quot;:false,&quot;items&quot;:1,&quot;loop&quot;:false,&quot;nav&quot;:false,&quot;stagePadding&quot;:0,&quot;slideBy&quot;:&quot;1&quot;},&quot;601&quot;:{&quot;items&quot;:3,&quot;autoplay&quot;:false,&quot;center&quot;:false,&quot;dots&quot;:false,&quot;nav&quot;:false,&quot;autoHeight&quot;:false,&quot;autoWidth&quot;:false,&quot;loop&quot;:false,&quot;stagePadding&quot;:0}}}}'><\/div>\r\n\t<\/div><div class=\"w-grid-none type_message\">There are currently no vacancies.<\/div><\/div><\/div><\/div><\/div><\/section><section class=\"l-section wpb_row us_custom_19737bc8 height_medium\"><div class=\"l-section-h i-cf\"><div class=\"g-cols vc_row via_grid cols_1 laptops-cols_inherit tablets-cols_inherit mobiles-cols_1 valign_middle type_default stacking_default\"><div class=\"wpb_column vc_column_container\"><div class=\"vc_column-inner\"><div class=\"w-text us_custom_69cbc571 has_text_color\"><span class=\"w-text-h\"><span class=\"w-text-value\">Many reasons to start with us<\/span><\/span><\/div><div class=\"wpb_text_column\"><div class=\"wpb_wrapper\"><h2>Fox Core as an employer<\/h2>\n<\/div><\/div><div class=\"w-separator size_medium\"><\/div><\/div><\/div><\/div><\/div><\/section><section class=\"l-section wpb_row us_custom_887a049b height_medium\"><div class=\"l-section-h i-cf\"><div class=\"g-cols vc_row via_grid cols_2-1 laptops-cols_inherit tablets-cols_inherit mobiles-cols_1 valign_top type_default stacking_default\" style=\"--columns-gap:5rem;\"><div class=\"wpb_column vc_column_container\"><div class=\"vc_column-inner\"><div class=\"g-cols wpb_row via_grid cols_2 laptops-cols_inherit tablets-cols_inherit mobiles-cols_1 valign_top type_default stacking_default\" style=\"--columns-gap:2rem;\"><div class=\"wpb_column vc_column_container us_custom_165acb46 grow has_text_color has_bg_color\"><div class=\"vc_column-inner\"><div class=\"w-iconbox iconpos_top style_default color_contrast align_left\"><div class=\"w-iconbox-icon\" style=\"font-size:3rem;\"><i class=\"fal fa-hands-usd\"><\/i><\/div><div class=\"w-iconbox-meta\"><h5 class=\"w-iconbox-title\">Kita- &#038; Mobilit\u00e4tszuschuss<\/h5><div class=\"w-iconbox-text\"><p>e.g. Germany-wide JobTicket or bike leasing<\/p>\n<\/div><\/div><\/div><\/div><\/div><div class=\"wpb_column vc_column_container us_custom_165acb46 grow has_text_color has_bg_color\"><div class=\"vc_column-inner\"><div class=\"w-iconbox iconpos_top style_default color_contrast align_left\"><div class=\"w-iconbox-icon\" style=\"font-size:3rem;\"><i class=\"fal fa-user-chart\"><\/i><\/div><div class=\"w-iconbox-meta\"><h5 class=\"w-iconbox-title\">Further Training Opportunities<\/h5><div class=\"w-iconbox-text\"><p>We promote the continuous development of our team.<\/p>\n<\/div><\/div><\/div><\/div><\/div><\/div><div class=\"w-separator size_custom\" style=\"height:2rem\"><\/div><div class=\"g-cols wpb_row via_grid cols_2 laptops-cols_inherit tablets-cols_inherit mobiles-cols_1 valign_top type_default stacking_default\" style=\"--columns-gap:2rem;\"><div class=\"wpb_column vc_column_container us_custom_165acb46 grow has_text_color has_bg_color\"><div class=\"vc_column-inner\"><div class=\"w-iconbox iconpos_top style_default color_contrast align_left\"><div class=\"w-iconbox-icon\" style=\"font-size:3rem;\"><i class=\"fal fa-users\"><\/i><\/div><div class=\"w-iconbox-meta\"><h5 class=\"w-iconbox-title\">Team\u00adkultur &#038; Arbeits\u00adumfeld<\/h5><div class=\"w-iconbox-text\"><p>Moderne Arbeitspl\u00e4tze und -&#8288;materialien sind f\u00fcr uns ebenso unverzichtbar wie regelm\u00e4\u00dfige Teamevents.<\/p>\n<\/div><\/div><\/div><\/div><\/div><div class=\"wpb_column vc_column_container us_custom_165acb46 grow has_text_color has_bg_color\"><div class=\"vc_column-inner\"><div class=\"w-iconbox iconpos_top style_default color_contrast align_left\"><div class=\"w-iconbox-icon\" style=\"font-size:3rem;\"><i class=\"fal fa-laptop-house\"><\/i><\/div><div class=\"w-iconbox-meta\"><h5 class=\"w-iconbox-title\">Home-Office-Option &#038; Flexible Arbeitszeiten<\/h5><div class=\"w-iconbox-text\"><p>F\u00fcr uns hat die Vereinbarkeit von Job und Privatleben den h\u00f6chsten Stellenwert \u2013 Nur so sind wir langfristig erfolgreich.<\/p>\n<\/div><\/div><\/div><\/div><\/div><\/div><\/div><\/div><div class=\"wpb_column vc_column_container\"><div class=\"vc_column-inner\"><div class=\"wpb_text_column\"><div class=\"wpb_wrapper\"><h3>Your Contact<\/h3>\n<\/div><\/div><div class=\"wpb_text_column\"><div class=\"wpb_wrapper\"><p>Please feel free to contact us<\/p>\n<\/div><\/div><div class=\"w-separator size_small\"><\/div><div class=\"w-vwrapper align_none valign_top\"><div class=\"w-iconbox us_custom_b4198c51 iconpos_left style_default color_primary align_left no_title\"><div class=\"w-iconbox-icon\" style=\"font-size:1.5rem;\"><i class=\"fal fa-map-marker-alt\"><\/i><\/div><div class=\"w-iconbox-meta\"><div class=\"w-iconbox-text\"><p>Altmockritz 3<br \/>\n01217 Dresden<br \/>\nGermany<\/p>\n<\/div><\/div><\/div><div class=\"w-iconbox iconpos_left style_default color_contrast align_left no_text\"><a href=\"tel:+49 351 463 34408\" class=\"w-iconbox-link\" aria-label=\"+49 351 463 34408\"><div class=\"w-iconbox-icon\" style=\"font-size:1.5rem;\"><i class=\"fal fa-phone\"><\/i><\/div><\/a><div class=\"w-iconbox-meta\"><div class=\"w-iconbox-title\" style=\"font-size:1.2rem;\"><a href=\"tel:+49 351 463 34408\" class=\"w-iconbox-link\" aria-label=\"+49 351 463 34408\">+49 351 463 34408<\/a><\/div><\/div><\/div><div class=\"w-iconbox iconpos_left style_default color_contrast align_left no_text\"><a href=\"mailto:info@fox-core.de\" class=\"w-iconbox-link\" aria-label=\"info@fox-core.de\"><div class=\"w-iconbox-icon\" style=\"font-size:1.5rem;\"><i class=\"fal fa-envelope\"><\/i><\/div><\/a><div class=\"w-iconbox-meta\"><div class=\"w-iconbox-title\" style=\"font-size:1.2rem;\"><a href=\"mailto:info@fox-core.de\" class=\"w-iconbox-link\" aria-label=\"info@fox-core.de\">info@fox-core.de<\/a><\/div><\/div><\/div><div class=\"w-iconbox iconpos_left style_default color_contrast align_left no_text\"><a target=\"_blank\" href=\"https:\/\/www.linkedin.com\/company\/96487182\/\" class=\"w-iconbox-link\" aria-label=\"LinkedIn\"><div class=\"w-iconbox-icon\" style=\"font-size:1.5rem;\"><i class=\"fab fa-linkedin\"><\/i><\/div><\/a><div class=\"w-iconbox-meta\"><div class=\"w-iconbox-title\" style=\"font-size:1.2rem;\"><a target=\"_blank\" href=\"https:\/\/www.linkedin.com\/company\/96487182\/\" class=\"w-iconbox-link\" aria-label=\"LinkedIn\">LinkedIn<\/a><\/div><\/div><\/div><\/div><\/div><\/div><\/div><\/div><\/section>","protected":false},"excerpt":{"rendered":"Ihre Chancen in unserem Unternehmen\/ Karriere Bei uns bewebenWerden auch Sie ein Teil von Fox Core Du m\u00f6chtest mit uns die Idee des bionischen Leichtbaus weiter verbreiten und ma\u00dfgeschneiderte L\u00f6sungen f\u00fcr eine ressourceneffiziente Welt entwickeln, dann bewirb dich bei uns. Wir sind immer interessiert an kreativen K\u00f6pfen und Leichtbau-Experten, um unser Team zu erweitern. Unsere...","protected":false},"author":1,"featured_media":111,"parent":0,"menu_order":0,"comment_status":"closed","ping_status":"closed","template":"","meta":{"_acf_changed":false,"inline_featured_image":false,"footnotes":""},"class_list":["post-22","page","type-page","status-publish","has-post-thumbnail","hentry"],"acf":[],"yoast_head":"<!-- This site is optimized with the Yoast SEO plugin v26.7 - https:\/\/yoast.com\/wordpress\/plugins\/seo\/ -->\n<title>Karriere &#8211; Fox Core<\/title>\n<meta name=\"robots\" content=\"index, follow, max-snippet:-1, max-image-preview:large, max-video-preview:-1\" \/>\n<link rel=\"canonical\" href=\"https:\/\/fox-core.com\/en\/karriere\/\" \/>\n<meta property=\"og:locale\" content=\"en_GB\" \/>\n<meta property=\"og:type\" content=\"article\" \/>\n<meta property=\"og:title\" content=\"Karriere &#8211; Fox Core\" \/>\n<meta property=\"og:url\" content=\"https:\/\/fox-core.com\/en\/karriere\/\" \/>\n<meta property=\"og:site_name\" content=\"Fox Core\" \/>\n<meta property=\"article:modified_time\" content=\"2026-02-13T11:19:39+00:00\" \/>\n<meta property=\"og:image\" content=\"https:\/\/fox-core.com\/wp-content\/uploads\/2025\/02\/20231218-DSC09969.webp\" \/>\n\t<meta property=\"og:image:width\" content=\"1200\" \/>\n\t<meta property=\"og:image:height\" content=\"800\" \/>\n\t<meta property=\"og:image:type\" content=\"image\/webp\" \/>\n<meta name=\"twitter:card\" content=\"summary_large_image\" \/>\n<meta name=\"twitter:label1\" content=\"Estimated reading time\" \/>\n\t<meta name=\"twitter:data1\" content=\"2 minutes\" \/>\n<script type=\"application\/ld+json\" class=\"yoast-schema-graph\">{\"@context\":\"https:\/\/schema.org\",\"@graph\":[{\"@type\":\"WebPage\",\"@id\":\"https:\/\/fox-core.com\/karriere\/\",\"url\":\"https:\/\/fox-core.com\/karriere\/\",\"name\":\"Karriere &#8211; Fox Core\",\"isPartOf\":{\"@id\":\"https:\/\/fox-core.com\/#website\"},\"primaryImageOfPage\":{\"@id\":\"https:\/\/fox-core.com\/karriere\/#primaryimage\"},\"image\":{\"@id\":\"https:\/\/fox-core.com\/karriere\/#primaryimage\"},\"thumbnailUrl\":\"https:\/\/fox-core.com\/wp-content\/uploads\/2025\/02\/20231218-DSC09969.webp\",\"datePublished\":\"2025-01-23T09:38:18+00:00\",\"dateModified\":\"2026-02-13T11:19:39+00:00\",\"breadcrumb\":{\"@id\":\"https:\/\/fox-core.com\/karriere\/#breadcrumb\"},\"inLanguage\":\"en-GB\",\"potentialAction\":[{\"@type\":\"ReadAction\",\"target\":[\"https:\/\/fox-core.com\/karriere\/\"]}]},{\"@type\":\"ImageObject\",\"inLanguage\":\"en-GB\",\"@id\":\"https:\/\/fox-core.com\/karriere\/#primaryimage\",\"url\":\"https:\/\/fox-core.com\/wp-content\/uploads\/2025\/02\/20231218-DSC09969.webp\",\"contentUrl\":\"https:\/\/fox-core.com\/wp-content\/uploads\/2025\/02\/20231218-DSC09969.webp\",\"width\":1200,\"height\":800},{\"@type\":\"BreadcrumbList\",\"@id\":\"https:\/\/fox-core.com\/karriere\/#breadcrumb\",\"itemListElement\":[{\"@type\":\"ListItem\",\"position\":1,\"name\":\"Home\",\"item\":\"https:\/\/fox-core.com\/\"},{\"@type\":\"ListItem\",\"position\":2,\"name\":\"Karriere\"}]},{\"@type\":\"WebSite\",\"@id\":\"https:\/\/fox-core.com\/#website\",\"url\":\"https:\/\/fox-core.com\/\",\"name\":\"Fox Core\",\"description\":\"\",\"potentialAction\":[{\"@type\":\"SearchAction\",\"target\":{\"@type\":\"EntryPoint\",\"urlTemplate\":\"https:\/\/fox-core.com\/?s={search_term_string}\"},\"query-input\":{\"@type\":\"PropertyValueSpecification\",\"valueRequired\":true,\"valueName\":\"search_term_string\"}}],\"inLanguage\":\"en-GB\"}]}<\/script>\n<!-- \/ Yoast SEO plugin. -->","yoast_head_json":{"title":"Karriere &#8211; Fox Core","robots":{"index":"index","follow":"follow","max-snippet":"max-snippet:-1","max-image-preview":"max-image-preview:large","max-video-preview":"max-video-preview:-1"},"canonical":"https:\/\/fox-core.com\/en\/karriere\/","og_locale":"en_GB","og_type":"article","og_title":"Karriere &#8211; Fox Core","og_url":"https:\/\/fox-core.com\/en\/karriere\/","og_site_name":"Fox Core","article_modified_time":"2026-02-13T11:19:39+00:00","og_image":[{"width":1200,"height":800,"url":"https:\/\/fox-core.com\/wp-content\/uploads\/2025\/02\/20231218-DSC09969.webp","type":"image\/webp"}],"twitter_card":"summary_large_image","twitter_misc":{"Estimated reading time":"2 minutes"},"schema":{"@context":"https:\/\/schema.org","@graph":[{"@type":"WebPage","@id":"https:\/\/fox-core.com\/karriere\/","url":"https:\/\/fox-core.com\/karriere\/","name":"Karriere &#8211; Fox Core","isPartOf":{"@id":"https:\/\/fox-core.com\/#website"},"primaryImageOfPage":{"@id":"https:\/\/fox-core.com\/karriere\/#primaryimage"},"image":{"@id":"https:\/\/fox-core.com\/karriere\/#primaryimage"},"thumbnailUrl":"https:\/\/fox-core.com\/wp-content\/uploads\/2025\/02\/20231218-DSC09969.webp","datePublished":"2025-01-23T09:38:18+00:00","dateModified":"2026-02-13T11:19:39+00:00","breadcrumb":{"@id":"https:\/\/fox-core.com\/karriere\/#breadcrumb"},"inLanguage":"en-GB","potentialAction":[{"@type":"ReadAction","target":["https:\/\/fox-core.com\/karriere\/"]}]},{"@type":"ImageObject","inLanguage":"en-GB","@id":"https:\/\/fox-core.com\/karriere\/#primaryimage","url":"https:\/\/fox-core.com\/wp-content\/uploads\/2025\/02\/20231218-DSC09969.webp","contentUrl":"https:\/\/fox-core.com\/wp-content\/uploads\/2025\/02\/20231218-DSC09969.webp","width":1200,"height":800},{"@type":"BreadcrumbList","@id":"https:\/\/fox-core.com\/karriere\/#breadcrumb","itemListElement":[{"@type":"ListItem","position":1,"name":"Home","item":"https:\/\/fox-core.com\/"},{"@type":"ListItem","position":2,"name":"Karriere"}]},{"@type":"WebSite","@id":"https:\/\/fox-core.com\/#website","url":"https:\/\/fox-core.com\/","name":"Fox Core","description":"","potentialAction":[{"@type":"SearchAction","target":{"@type":"EntryPoint","urlTemplate":"https:\/\/fox-core.com\/?s={search_term_string}"},"query-input":{"@type":"PropertyValueSpecification","valueRequired":true,"valueName":"search_term_string"}}],"inLanguage":"en-GB"}]}},"_links":{"self":[{"href":"https:\/\/fox-core.com\/en\/wp-json\/wp\/v2\/pages\/22","targetHints":{"allow":["GET"]}}],"collection":[{"href":"https:\/\/fox-core.com\/en\/wp-json\/wp\/v2\/pages"}],"about":[{"href":"https:\/\/fox-core.com\/en\/wp-json\/wp\/v2\/types\/page"}],"author":[{"embeddable":true,"href":"https:\/\/fox-core.com\/en\/wp-json\/wp\/v2\/users\/1"}],"replies":[{"embeddable":true,"href":"https:\/\/fox-core.com\/en\/wp-json\/wp\/v2\/comments?post=22"}],"version-history":[{"count":21,"href":"https:\/\/fox-core.com\/en\/wp-json\/wp\/v2\/pages\/22\/revisions"}],"predecessor-version":[{"id":468,"href":"https:\/\/fox-core.com\/en\/wp-json\/wp\/v2\/pages\/22\/revisions\/468"}],"wp:featuredmedia":[{"embeddable":true,"href":"https:\/\/fox-core.com\/en\/wp-json\/wp\/v2\/media\/111"}],"wp:attachment":[{"href":"https:\/\/fox-core.com\/en\/wp-json\/wp\/v2\/media?parent=22"}],"curies":[{"name":"wp","href":"https:\/\/api.w.org\/{rel}","templated":true}]}}