{"id":129,"date":"2025-02-06T23:08:37","date_gmt":"2025-02-06T21:08:37","guid":{"rendered":"https:\/\/fox-core.com\/?page_id=129"},"modified":"2025-03-06T11:54:33","modified_gmt":"2025-03-06T09:54:33","slug":"team","status":"publish","type":"page","link":"https:\/\/fox-core.com\/en\/team\/","title":{"rendered":"Team"},"content":{"rendered":"<section class=\"l-section wpb_row height_medium with_img\"><div class=\"l-section-img\" role=\"img\" data-img-width=\"1200\" data-img-height=\"800\" style=\"background-image: url(https:\/\/fox-core.com\/wp-content\/uploads\/2025\/02\/20231218-DSC09893.webp);\"><\/div><div class=\"l-section-overlay\" style=\"background:rgba(255,255,255,0.85)\"><\/div><div class=\"l-section-h i-cf\"><div class=\"g-cols vc_row via_grid cols_1 laptops-cols_inherit tablets-cols_inherit mobiles-cols_1 valign_top type_default stacking_default\"><div class=\"wpb_column vc_column_container\"><div class=\"vc_column-inner\"><div class=\"w-text us_custom_955e322a has_text_color\"><span class=\"w-text-h\"><span class=\"w-text-value\">Fox Core<\/span><\/span><\/div><div class=\"wpb_text_column\"><div class=\"wpb_wrapper\"><h1 style=\"text-align: center;\"><span style=\"color: var(--color-content-primary);\">\/<\/span> Team<\/h1>\n<\/div><\/div><\/div><\/div><\/div><\/div><\/section><section class=\"l-section wpb_row height_medium\"><div class=\"l-section-h i-cf\"><div class=\"g-cols vc_row via_grid cols_2 laptops-cols_inherit tablets-cols_inherit mobiles-cols_1 valign_middle type_default stacking_default\"><div class=\"wpb_column vc_column_container\"><div class=\"vc_column-inner\"><div class=\"w-text us_custom_69cbc571 has_text_color\"><span class=\"w-text-h\"><span class=\"w-text-value\">this is us<\/span><\/span><\/div><div class=\"wpb_text_column\"><div class=\"wpb_wrapper\"><h2>What makes our team special<\/h2>\n<\/div><\/div><div class=\"w-separator size_small\"><\/div><div class=\"wpb_text_column\"><div class=\"wpb_wrapper\"><p style=\"text-align: left;\">Our passion is transforming scientific breakthroughs into groundbreaking lightweight solutions. At FoxCore, innovation, quality and sustainability are not just buzzwords, but the cornerstones that shape every step of our creative work.<\/p>\n<p style=\"text-align: left;\">Our FoxCore products and services are not only characterized by their outstanding quality, but also by their innovative design and ease of processing. These features lead to sustainable cost savings for our valued customers.<\/p>\n<p style=\"text-align: left;\">Immerse yourself in the future of lightweight construction \u2013 FoxCore is your trusted partner for innovative and efficient connection solutions.<\/p>\n<\/div><\/div><\/div><\/div><div class=\"wpb_column vc_column_container\"><div class=\"vc_column-inner\"><div class=\"w-image align_center\"><div class=\"w-image-h\"><img decoding=\"async\" width=\"800\" height=\"1200\" src=\"https:\/\/fox-core.com\/wp-content\/uploads\/2025\/02\/20231218-DSC00009.webp\" class=\"attachment-full size-full\" alt=\"\" loading=\"lazy\" srcset=\"https:\/\/fox-core.com\/wp-content\/uploads\/2025\/02\/20231218-DSC00009.webp 800w, https:\/\/fox-core.com\/wp-content\/uploads\/2025\/02\/20231218-DSC00009-200x300.webp 200w, https:\/\/fox-core.com\/wp-content\/uploads\/2025\/02\/20231218-DSC00009-683x1024.webp 683w\" sizes=\"auto, (max-width: 800px) 100vw, 800px\" \/><\/div><\/div><\/div><\/div><\/div><\/div><\/section><section class=\"l-section wpb_row height_medium\"><div class=\"l-section-h i-cf\"><div class=\"g-cols vc_row via_grid cols_1 laptops-cols_inherit tablets-cols_inherit mobiles-cols_1 valign_top type_default stacking_default\"><div class=\"wpb_column vc_column_container\"><div class=\"vc_column-inner\"><div class=\"w-text us_custom_69cbc571 has_text_color\"><span class=\"w-text-h\"><span class=\"w-text-value\">The faces behind Fox Core<\/span><\/span><\/div><div class=\"wpb_text_column\"><div class=\"wpb_wrapper\"><h2>The Fox Core Team<\/h2>\n<\/div><\/div><div class=\"w-separator size_small\"><\/div><div class=\"g-cols wpb_row via_grid cols_4 laptops-cols_inherit tablets-cols_inherit mobiles-cols_1 valign_top type_default stacking_default\" style=\"--columns-gap:3rem;--laptops-columns-gap:3rem;--tablets-columns-gap:1.5rem;--mobiles-columns-gap:3rem;\"><div class=\"wpb_column vc_column_container us_custom_483a8cb5\"><div class=\"vc_column-inner\"><div class=\"w-person grow layout_trendy\" itemscope itemtype=\"https:\/\/schema.org\/Person\"><div class=\"w-person-image\"><img loading=\"lazy\" decoding=\"async\" width=\"667\" height=\"1000\" src=\"https:\/\/fox-core.com\/wp-content\/uploads\/2025\/01\/philipp_schegner_fox_core.webp\" class=\"attachment-full size-full\" alt=\"\" itemprop=\"image\" srcset=\"https:\/\/fox-core.com\/wp-content\/uploads\/2025\/01\/philipp_schegner_fox_core.webp 667w, https:\/\/fox-core.com\/wp-content\/uploads\/2025\/01\/philipp_schegner_fox_core-200x300.webp 200w\" sizes=\"auto, (max-width: 667px) 100vw, 667px\" \/><\/div><div class=\"w-person-content\"><h6 itemprop=\"name\" class=\"w-person-name\"><span>Dr. Philipp Schegner<\/span><\/h6><\/div><\/div><\/div><\/div><div class=\"wpb_column vc_column_container us_custom_483a8cb5\"><div class=\"vc_column-inner\"><div class=\"w-person grow layout_trendy\" itemscope itemtype=\"https:\/\/schema.org\/Person\"><div class=\"w-person-image\"><img loading=\"lazy\" decoding=\"async\" width=\"667\" height=\"1000\" src=\"https:\/\/fox-core.com\/wp-content\/uploads\/2025\/01\/tobias_lang_fox_core-e1739201635122.webp\" class=\"attachment-full size-full\" alt=\"\" itemprop=\"image\" srcset=\"https:\/\/fox-core.com\/wp-content\/uploads\/2025\/01\/tobias_lang_fox_core-e1739201635122.webp 667w, https:\/\/fox-core.com\/wp-content\/uploads\/2025\/01\/tobias_lang_fox_core-e1739201635122-200x300.webp 200w\" sizes=\"auto, (max-width: 667px) 100vw, 667px\" \/><\/div><div class=\"w-person-content\"><h6 itemprop=\"name\" class=\"w-person-name\"><span>Tobias Lang<\/span><\/h6><\/div><\/div><\/div><\/div><div class=\"wpb_column vc_column_container us_custom_483a8cb5\"><div class=\"vc_column-inner\"><div class=\"w-person grow layout_trendy\" itemscope itemtype=\"https:\/\/schema.org\/Person\"><div class=\"w-person-image\"><img loading=\"lazy\" decoding=\"async\" width=\"667\" height=\"1000\" src=\"https:\/\/fox-core.com\/wp-content\/uploads\/2025\/01\/daniel_weise_fox_core.webp\" class=\"attachment-full size-full\" alt=\"\" itemprop=\"image\" srcset=\"https:\/\/fox-core.com\/wp-content\/uploads\/2025\/01\/daniel_weise_fox_core.webp 667w, https:\/\/fox-core.com\/wp-content\/uploads\/2025\/01\/daniel_weise_fox_core-200x300.webp 200w\" sizes=\"auto, (max-width: 667px) 100vw, 667px\" \/><\/div><div class=\"w-person-content\"><h6 itemprop=\"name\" class=\"w-person-name\"><span>Dr. Daniel Weise<\/span><\/h6><\/div><\/div><\/div><\/div><div class=\"wpb_column vc_column_container us_custom_483a8cb5\"><div class=\"vc_column-inner\"><div class=\"w-person grow layout_trendy\" itemscope itemtype=\"https:\/\/schema.org\/Person\"><div class=\"w-person-image\"><img loading=\"lazy\" decoding=\"async\" width=\"667\" height=\"1000\" src=\"https:\/\/fox-core.com\/wp-content\/uploads\/2025\/01\/michael_vorhof_fox_core-e1739201616429.webp\" class=\"attachment-full size-full\" alt=\"\" itemprop=\"image\" srcset=\"https:\/\/fox-core.com\/wp-content\/uploads\/2025\/01\/michael_vorhof_fox_core-e1739201616429.webp 667w, https:\/\/fox-core.com\/wp-content\/uploads\/2025\/01\/michael_vorhof_fox_core-e1739201616429-200x300.webp 200w\" sizes=\"auto, (max-width: 667px) 100vw, 667px\" \/><\/div><div class=\"w-person-content\"><h6 itemprop=\"name\" class=\"w-person-name\"><span>Dr. Michael Vorhof<\/span><\/h6><\/div><\/div><\/div><\/div><\/div><\/div><\/div><\/div><\/div><\/section>","protected":false},"excerpt":{"rendered":"Fox Core\/ Team Das sind wirWas unser Team ausmacht Unsere Passion gilt der Transformation wissenschaftlicher Durchbr\u00fcche in wegweisenden Leichtbaul\u00f6sungen. Bei FoxCore sind Innovation, Qualit\u00e4t und Nachhaltigkeit nicht nur Schlagw\u00f6rter, sondern die Grundpfeiler, die jeden Schritt unserer kreativen Arbeit pr\u00e4gen. Unsere FoxCore-Produkte und Dienstleistungen zeichnen sich nicht nur durch ihre herausragende Qualit\u00e4t aus, sondern auch durch...","protected":false},"author":1,"featured_media":99,"parent":0,"menu_order":0,"comment_status":"closed","ping_status":"closed","template":"","meta":{"_acf_changed":false,"inline_featured_image":false,"footnotes":""},"class_list":["post-129","page","type-page","status-publish","has-post-thumbnail","hentry"],"acf":[],"yoast_head":"<!-- This site is optimized with the Yoast SEO plugin v26.7 - https:\/\/yoast.com\/wordpress\/plugins\/seo\/ -->\n<title>Team &#8211; Fox Core<\/title>\n<meta name=\"robots\" content=\"index, follow, max-snippet:-1, max-image-preview:large, max-video-preview:-1\" \/>\n<link rel=\"canonical\" href=\"https:\/\/fox-core.com\/en\/team\/\" \/>\n<meta property=\"og:locale\" content=\"en_GB\" \/>\n<meta property=\"og:type\" content=\"article\" \/>\n<meta property=\"og:title\" content=\"Team &#8211; Fox Core\" \/>\n<meta property=\"og:url\" content=\"https:\/\/fox-core.com\/en\/team\/\" \/>\n<meta property=\"og:site_name\" content=\"Fox Core\" \/>\n<meta property=\"article:modified_time\" content=\"2025-03-06T09:54:33+00:00\" \/>\n<meta property=\"og:image\" content=\"https:\/\/fox-core.com\/wp-content\/uploads\/2025\/02\/20231218-DSC09893.webp\" \/>\n\t<meta property=\"og:image:width\" content=\"1200\" \/>\n\t<meta property=\"og:image:height\" content=\"800\" \/>\n\t<meta property=\"og:image:type\" content=\"image\/webp\" \/>\n<meta name=\"twitter:card\" content=\"summary_large_image\" \/>\n<meta name=\"twitter:label1\" content=\"Estimated reading time\" \/>\n\t<meta name=\"twitter:data1\" content=\"2 minutes\" \/>\n<script type=\"application\/ld+json\" class=\"yoast-schema-graph\">{\"@context\":\"https:\/\/schema.org\",\"@graph\":[{\"@type\":\"WebPage\",\"@id\":\"https:\/\/fox-core.com\/team\/\",\"url\":\"https:\/\/fox-core.com\/team\/\",\"name\":\"Team &#8211; Fox Core\",\"isPartOf\":{\"@id\":\"https:\/\/fox-core.com\/#website\"},\"primaryImageOfPage\":{\"@id\":\"https:\/\/fox-core.com\/team\/#primaryimage\"},\"image\":{\"@id\":\"https:\/\/fox-core.com\/team\/#primaryimage\"},\"thumbnailUrl\":\"https:\/\/fox-core.com\/wp-content\/uploads\/2025\/02\/20231218-DSC09893.webp\",\"datePublished\":\"2025-02-06T21:08:37+00:00\",\"dateModified\":\"2025-03-06T09:54:33+00:00\",\"breadcrumb\":{\"@id\":\"https:\/\/fox-core.com\/team\/#breadcrumb\"},\"inLanguage\":\"en-GB\",\"potentialAction\":[{\"@type\":\"ReadAction\",\"target\":[\"https:\/\/fox-core.com\/team\/\"]}]},{\"@type\":\"ImageObject\",\"inLanguage\":\"en-GB\",\"@id\":\"https:\/\/fox-core.com\/team\/#primaryimage\",\"url\":\"https:\/\/fox-core.com\/wp-content\/uploads\/2025\/02\/20231218-DSC09893.webp\",\"contentUrl\":\"https:\/\/fox-core.com\/wp-content\/uploads\/2025\/02\/20231218-DSC09893.webp\",\"width\":1200,\"height\":800},{\"@type\":\"BreadcrumbList\",\"@id\":\"https:\/\/fox-core.com\/team\/#breadcrumb\",\"itemListElement\":[{\"@type\":\"ListItem\",\"position\":1,\"name\":\"Home\",\"item\":\"https:\/\/fox-core.com\/\"},{\"@type\":\"ListItem\",\"position\":2,\"name\":\"Team\"}]},{\"@type\":\"WebSite\",\"@id\":\"https:\/\/fox-core.com\/#website\",\"url\":\"https:\/\/fox-core.com\/\",\"name\":\"Fox Core\",\"description\":\"\",\"potentialAction\":[{\"@type\":\"SearchAction\",\"target\":{\"@type\":\"EntryPoint\",\"urlTemplate\":\"https:\/\/fox-core.com\/?s={search_term_string}\"},\"query-input\":{\"@type\":\"PropertyValueSpecification\",\"valueRequired\":true,\"valueName\":\"search_term_string\"}}],\"inLanguage\":\"en-GB\"}]}<\/script>\n<!-- \/ Yoast SEO plugin. -->","yoast_head_json":{"title":"Team &#8211; Fox Core","robots":{"index":"index","follow":"follow","max-snippet":"max-snippet:-1","max-image-preview":"max-image-preview:large","max-video-preview":"max-video-preview:-1"},"canonical":"https:\/\/fox-core.com\/en\/team\/","og_locale":"en_GB","og_type":"article","og_title":"Team &#8211; Fox Core","og_url":"https:\/\/fox-core.com\/en\/team\/","og_site_name":"Fox Core","article_modified_time":"2025-03-06T09:54:33+00:00","og_image":[{"width":1200,"height":800,"url":"https:\/\/fox-core.com\/wp-content\/uploads\/2025\/02\/20231218-DSC09893.webp","type":"image\/webp"}],"twitter_card":"summary_large_image","twitter_misc":{"Estimated reading time":"2 minutes"},"schema":{"@context":"https:\/\/schema.org","@graph":[{"@type":"WebPage","@id":"https:\/\/fox-core.com\/team\/","url":"https:\/\/fox-core.com\/team\/","name":"Team &#8211; Fox Core","isPartOf":{"@id":"https:\/\/fox-core.com\/#website"},"primaryImageOfPage":{"@id":"https:\/\/fox-core.com\/team\/#primaryimage"},"image":{"@id":"https:\/\/fox-core.com\/team\/#primaryimage"},"thumbnailUrl":"https:\/\/fox-core.com\/wp-content\/uploads\/2025\/02\/20231218-DSC09893.webp","datePublished":"2025-02-06T21:08:37+00:00","dateModified":"2025-03-06T09:54:33+00:00","breadcrumb":{"@id":"https:\/\/fox-core.com\/team\/#breadcrumb"},"inLanguage":"en-GB","potentialAction":[{"@type":"ReadAction","target":["https:\/\/fox-core.com\/team\/"]}]},{"@type":"ImageObject","inLanguage":"en-GB","@id":"https:\/\/fox-core.com\/team\/#primaryimage","url":"https:\/\/fox-core.com\/wp-content\/uploads\/2025\/02\/20231218-DSC09893.webp","contentUrl":"https:\/\/fox-core.com\/wp-content\/uploads\/2025\/02\/20231218-DSC09893.webp","width":1200,"height":800},{"@type":"BreadcrumbList","@id":"https:\/\/fox-core.com\/team\/#breadcrumb","itemListElement":[{"@type":"ListItem","position":1,"name":"Home","item":"https:\/\/fox-core.com\/"},{"@type":"ListItem","position":2,"name":"Team"}]},{"@type":"WebSite","@id":"https:\/\/fox-core.com\/#website","url":"https:\/\/fox-core.com\/","name":"Fox Core","description":"","potentialAction":[{"@type":"SearchAction","target":{"@type":"EntryPoint","urlTemplate":"https:\/\/fox-core.com\/?s={search_term_string}"},"query-input":{"@type":"PropertyValueSpecification","valueRequired":true,"valueName":"search_term_string"}}],"inLanguage":"en-GB"}]}},"_links":{"self":[{"href":"https:\/\/fox-core.com\/en\/wp-json\/wp\/v2\/pages\/129","targetHints":{"allow":["GET"]}}],"collection":[{"href":"https:\/\/fox-core.com\/en\/wp-json\/wp\/v2\/pages"}],"about":[{"href":"https:\/\/fox-core.com\/en\/wp-json\/wp\/v2\/types\/page"}],"author":[{"embeddable":true,"href":"https:\/\/fox-core.com\/en\/wp-json\/wp\/v2\/users\/1"}],"replies":[{"embeddable":true,"href":"https:\/\/fox-core.com\/en\/wp-json\/wp\/v2\/comments?post=129"}],"version-history":[{"count":10,"href":"https:\/\/fox-core.com\/en\/wp-json\/wp\/v2\/pages\/129\/revisions"}],"predecessor-version":[{"id":400,"href":"https:\/\/fox-core.com\/en\/wp-json\/wp\/v2\/pages\/129\/revisions\/400"}],"wp:featuredmedia":[{"embeddable":true,"href":"https:\/\/fox-core.com\/en\/wp-json\/wp\/v2\/media\/99"}],"wp:attachment":[{"href":"https:\/\/fox-core.com\/en\/wp-json\/wp\/v2\/media?parent=129"}],"curies":[{"name":"wp","href":"https:\/\/api.w.org\/{rel}","templated":true}]}}